{"id":12,"date":"2017-06-27T09:13:27","date_gmt":"2017-06-27T07:13:27","guid":{"rendered":"http:\/\/www.fedexsol.be\/?page_id=12\/"},"modified":"2024-02-20T09:37:34","modified_gmt":"2024-02-20T08:37:34","slug":"qui-sommes-nous","status":"publish","type":"page","link":"https:\/\/www.fedexsol.be\/fr\/qui-sommes-nous\/","title":{"rendered":"Qui sommes-nous ?"},"content":{"rendered":"<p>L&rsquo;association FEDEXSOL a.s.b.l. est la F\u00e9d\u00e9ration des Experts en Etudes de pollution des Sols de Bruxelles et de Wallonie.<\/p>\n<p>Cette association sans but lucratif a pour objectif :<\/p>\n<ul>\n<li>D&rsquo;am\u00e9liorer la repr\u00e9sentativit\u00e9 du secteur des bureaux d&rsquo;\u00e9tudes actifs dans le domaine des \u00e9tudes de la pollution du sol et des eaux souterraines vis-\u00e0-vis des acteurs publics et institutionnels, mais aussi des divers donneurs d&rsquo;ordre (priv\u00e9s ou publics). L&rsquo;association a notamment pour mission la formulation d&rsquo;avis coll\u00e9giaux \u00e9manant du secteur des experts agr\u00e9\u00e9s \/ bureaux d&rsquo;\u00e9tudes ;<\/li>\n<li>D&rsquo;assurer la protection des int\u00e9r\u00eats des membres de l&rsquo;association ;<\/li>\n<li>De continuer \u00e0 pr\u00e9server l&rsquo;ind\u00e9pendance d&rsquo;avis et d&rsquo;analyse des membres vis-\u00e0-vis des donneurs d&rsquo;ordre dans l&rsquo;exercice de leur expertise ;<\/li>\n<li>D&rsquo;\u00e9laborer et de promouvoir la d\u00e9ontologie et les bonnes pratiques du m\u00e9tier ;<\/li>\n<li>De d\u00e9fendre l&rsquo;image et la cr\u00e9dibilit\u00e9 du secteur vis-\u00e0-vis des diff\u00e9rents intervenants.<\/li>\n<\/ul>\n<p>L&rsquo;association pourra accomplir tous les actes se rapportant directement ou indirectement \u00e0 la r\u00e9alisation de ses buts et activit\u00e9s.<\/p>\n<p>En l&rsquo;occurrence, l&rsquo;association se propose notamment de poursuivre ses buts en r\u00e9alisant les activit\u00e9s suivantes :<\/p>\n<ul>\n<li>Constituer un organe consultatif pour l&rsquo;ensemble des acteurs du secteur de la d\u00e9pollution des sols et des eaux souterraines ;<\/li>\n<li>Constituer un interlocuteur privil\u00e9gier des autorit\u00e9s wallonnes et bruxelloises, notamment dans le cadre de l&rsquo;am\u00e9lioration du cadre l\u00e9gal en mati\u00e8re de pollution des sols ;<\/li>\n<li>Instituer une plate-forme de discussion et de r\u00e9flexion entre les membres sur des th\u00e9matiques communes ;<\/li>\n<li>Informer et sensibiliser les diff\u00e9rents acteurs concern\u00e9s par la th\u00e9matique des sols pollu\u00e9s et le grand public.<\/li>\n<\/ul>\n<p>Les membres sont des bureaux d&rsquo;\u00e9tudes actifs dans le domaine des \u00e9tudes de la pollution du sol et des eaux souterraines. Par bureau d&rsquo;\u00e9tudes, on entend des personnes morales constitu\u00e9es en soci\u00e9t\u00e9s commerciales et\/ou des personnes physiques actives en qualit\u00e9 d&rsquo;ind\u00e9pendants comme experts agr\u00e9\u00e9s dans le m\u00eame domaine.<\/p>\n","protected":false},"excerpt":{"rendered":"<p>L&rsquo;association FEDEXSOL a.s.b.l. est la F\u00e9d\u00e9ration des Experts en Etudes de pollution des Sols de Bruxelles et de Wallonie. Cette association sans but lucratif a pour objectif : D&rsquo;am\u00e9liorer la repr\u00e9sentativit\u00e9 du secteur des bureaux &hellip;<\/p>\n","protected":false},"author":1,"featured_media":258,"parent":0,"menu_order":1,"comment_status":"closed","ping_status":"closed","template":"","meta":{"_acf_changed":false,"footnotes":""},"class_list":["post-12","page","type-page","status-publish","has-post-thumbnail","hentry"],"acf":[],"yoast_head":"<!-- This site is optimized with the Yoast SEO plugin v27.6 - https:\/\/yoast.com\/product\/yoast-seo-wordpress\/ -->\r\n<title>Qui sommes-nous ? - Fedexsol<\/title>\r\n<meta name=\"robots\" content=\"index, follow, max-snippet:-1, max-image-preview:large, max-video-preview:-1\" \/>\r\n<link rel=\"canonical\" href=\"https:\/\/www.fedexsol.be\/fr\/qui-sommes-nous\/\" \/>\r\n<meta property=\"og:locale\" content=\"fr_FR\" \/>\r\n<meta property=\"og:type\" content=\"article\" \/>\r\n<meta property=\"og:title\" content=\"Qui sommes-nous ? - Fedexsol\" \/>\r\n<meta property=\"og:description\" content=\"L&rsquo;association FEDEXSOL a.s.b.l. est la F\u00e9d\u00e9ration des Experts en Etudes de pollution des Sols de Bruxelles et de Wallonie. Cette association sans but lucratif a pour objectif : D&rsquo;am\u00e9liorer la repr\u00e9sentativit\u00e9 du secteur des bureaux &hellip;\" \/>\r\n<meta property=\"og:url\" content=\"https:\/\/www.fedexsol.be\/fr\/qui-sommes-nous\/\" \/>\r\n<meta property=\"og:site_name\" content=\"Fedexsol\" \/>\r\n<meta property=\"article:modified_time\" content=\"2024-02-20T08:37:34+00:00\" \/>\r\n<meta property=\"og:image\" content=\"https:\/\/www.fedexsol.be\/wp-content\/uploads\/2017\/11\/construction-pelleteuses.jpg\" \/>\r\n\t<meta property=\"og:image:width\" content=\"2048\" \/>\r\n\t<meta property=\"og:image:height\" content=\"1360\" \/>\r\n\t<meta property=\"og:image:type\" content=\"image\/jpeg\" \/>\r\n<meta name=\"twitter:card\" content=\"summary_large_image\" \/>\r\n<meta name=\"twitter:label1\" content=\"Dur\u00e9e de lecture estim\u00e9e\" \/>\n\t<meta name=\"twitter:data1\" content=\"2 minutes\" \/>\r\n<script type=\"application\/ld+json\" class=\"yoast-schema-graph\">{\"@context\":\"https:\\\/\\\/schema.org\",\"@graph\":[{\"@type\":\"WebPage\",\"@id\":\"https:\\\/\\\/www.fedexsol.be\\\/fr\\\/qui-sommes-nous\\\/\",\"url\":\"https:\\\/\\\/www.fedexsol.be\\\/fr\\\/qui-sommes-nous\\\/\",\"name\":\"Qui sommes-nous ? - Fedexsol\",\"isPartOf\":{\"@id\":\"https:\\\/\\\/www.fedexsol.be\\\/fr\\\/#website\"},\"primaryImageOfPage\":{\"@id\":\"https:\\\/\\\/www.fedexsol.be\\\/fr\\\/qui-sommes-nous\\\/#primaryimage\"},\"image\":{\"@id\":\"https:\\\/\\\/www.fedexsol.be\\\/fr\\\/qui-sommes-nous\\\/#primaryimage\"},\"thumbnailUrl\":\"https:\\\/\\\/www.fedexsol.be\\\/wp-content\\\/uploads\\\/2017\\\/11\\\/construction-pelleteuses.jpg\",\"datePublished\":\"2017-06-27T07:13:27+00:00\",\"dateModified\":\"2024-02-20T08:37:34+00:00\",\"breadcrumb\":{\"@id\":\"https:\\\/\\\/www.fedexsol.be\\\/fr\\\/qui-sommes-nous\\\/#breadcrumb\"},\"inLanguage\":\"fr-FR\",\"potentialAction\":[{\"@type\":\"ReadAction\",\"target\":[\"https:\\\/\\\/www.fedexsol.be\\\/fr\\\/qui-sommes-nous\\\/\"]}]},{\"@type\":\"ImageObject\",\"inLanguage\":\"fr-FR\",\"@id\":\"https:\\\/\\\/www.fedexsol.be\\\/fr\\\/qui-sommes-nous\\\/#primaryimage\",\"url\":\"https:\\\/\\\/www.fedexsol.be\\\/wp-content\\\/uploads\\\/2017\\\/11\\\/construction-pelleteuses.jpg\",\"contentUrl\":\"https:\\\/\\\/www.fedexsol.be\\\/wp-content\\\/uploads\\\/2017\\\/11\\\/construction-pelleteuses.jpg\",\"width\":2048,\"height\":1360},{\"@type\":\"BreadcrumbList\",\"@id\":\"https:\\\/\\\/www.fedexsol.be\\\/fr\\\/qui-sommes-nous\\\/#breadcrumb\",\"itemListElement\":[{\"@type\":\"ListItem\",\"position\":1,\"name\":\"Accueil\",\"item\":\"https:\\\/\\\/www.fedexsol.be\\\/fr\\\/\"},{\"@type\":\"ListItem\",\"position\":2,\"name\":\"Qui sommes-nous ?\"}]},{\"@type\":\"WebSite\",\"@id\":\"https:\\\/\\\/www.fedexsol.be\\\/fr\\\/#website\",\"url\":\"https:\\\/\\\/www.fedexsol.be\\\/fr\\\/\",\"name\":\"Fedexsol\",\"description\":\"Un site utilisant WordPress\",\"potentialAction\":[{\"@type\":\"SearchAction\",\"target\":{\"@type\":\"EntryPoint\",\"urlTemplate\":\"https:\\\/\\\/www.fedexsol.be\\\/fr\\\/?s={search_term_string}\"},\"query-input\":{\"@type\":\"PropertyValueSpecification\",\"valueRequired\":true,\"valueName\":\"search_term_string\"}}],\"inLanguage\":\"fr-FR\"}]}<\/script>\r\n<!-- \/ Yoast SEO plugin. -->","yoast_head_json":{"title":"Qui sommes-nous ? - Fedexsol","robots":{"index":"index","follow":"follow","max-snippet":"max-snippet:-1","max-image-preview":"max-image-preview:large","max-video-preview":"max-video-preview:-1"},"canonical":"https:\/\/www.fedexsol.be\/fr\/qui-sommes-nous\/","og_locale":"fr_FR","og_type":"article","og_title":"Qui sommes-nous ? - Fedexsol","og_description":"L&rsquo;association FEDEXSOL a.s.b.l. est la F\u00e9d\u00e9ration des Experts en Etudes de pollution des Sols de Bruxelles et de Wallonie. Cette association sans but lucratif a pour objectif : D&rsquo;am\u00e9liorer la repr\u00e9sentativit\u00e9 du secteur des bureaux &hellip;","og_url":"https:\/\/www.fedexsol.be\/fr\/qui-sommes-nous\/","og_site_name":"Fedexsol","article_modified_time":"2024-02-20T08:37:34+00:00","og_image":[{"width":2048,"height":1360,"url":"https:\/\/www.fedexsol.be\/wp-content\/uploads\/2017\/11\/construction-pelleteuses.jpg","type":"image\/jpeg"}],"twitter_card":"summary_large_image","twitter_misc":{"Dur\u00e9e de lecture estim\u00e9e":"2 minutes"},"schema":{"@context":"https:\/\/schema.org","@graph":[{"@type":"WebPage","@id":"https:\/\/www.fedexsol.be\/fr\/qui-sommes-nous\/","url":"https:\/\/www.fedexsol.be\/fr\/qui-sommes-nous\/","name":"Qui sommes-nous ? - Fedexsol","isPartOf":{"@id":"https:\/\/www.fedexsol.be\/fr\/#website"},"primaryImageOfPage":{"@id":"https:\/\/www.fedexsol.be\/fr\/qui-sommes-nous\/#primaryimage"},"image":{"@id":"https:\/\/www.fedexsol.be\/fr\/qui-sommes-nous\/#primaryimage"},"thumbnailUrl":"https:\/\/www.fedexsol.be\/wp-content\/uploads\/2017\/11\/construction-pelleteuses.jpg","datePublished":"2017-06-27T07:13:27+00:00","dateModified":"2024-02-20T08:37:34+00:00","breadcrumb":{"@id":"https:\/\/www.fedexsol.be\/fr\/qui-sommes-nous\/#breadcrumb"},"inLanguage":"fr-FR","potentialAction":[{"@type":"ReadAction","target":["https:\/\/www.fedexsol.be\/fr\/qui-sommes-nous\/"]}]},{"@type":"ImageObject","inLanguage":"fr-FR","@id":"https:\/\/www.fedexsol.be\/fr\/qui-sommes-nous\/#primaryimage","url":"https:\/\/www.fedexsol.be\/wp-content\/uploads\/2017\/11\/construction-pelleteuses.jpg","contentUrl":"https:\/\/www.fedexsol.be\/wp-content\/uploads\/2017\/11\/construction-pelleteuses.jpg","width":2048,"height":1360},{"@type":"BreadcrumbList","@id":"https:\/\/www.fedexsol.be\/fr\/qui-sommes-nous\/#breadcrumb","itemListElement":[{"@type":"ListItem","position":1,"name":"Accueil","item":"https:\/\/www.fedexsol.be\/fr\/"},{"@type":"ListItem","position":2,"name":"Qui sommes-nous ?"}]},{"@type":"WebSite","@id":"https:\/\/www.fedexsol.be\/fr\/#website","url":"https:\/\/www.fedexsol.be\/fr\/","name":"Fedexsol","description":"Un site utilisant WordPress","potentialAction":[{"@type":"SearchAction","target":{"@type":"EntryPoint","urlTemplate":"https:\/\/www.fedexsol.be\/fr\/?s={search_term_string}"},"query-input":{"@type":"PropertyValueSpecification","valueRequired":true,"valueName":"search_term_string"}}],"inLanguage":"fr-FR"}]}},"_links":{"self":[{"href":"https:\/\/www.fedexsol.be\/fr\/wp-json\/wp\/v2\/pages\/12","targetHints":{"allow":["GET"]}}],"collection":[{"href":"https:\/\/www.fedexsol.be\/fr\/wp-json\/wp\/v2\/pages"}],"about":[{"href":"https:\/\/www.fedexsol.be\/fr\/wp-json\/wp\/v2\/types\/page"}],"author":[{"embeddable":true,"href":"https:\/\/www.fedexsol.be\/fr\/wp-json\/wp\/v2\/users\/1"}],"replies":[{"embeddable":true,"href":"https:\/\/www.fedexsol.be\/fr\/wp-json\/wp\/v2\/comments?post=12"}],"version-history":[{"count":10,"href":"https:\/\/www.fedexsol.be\/fr\/wp-json\/wp\/v2\/pages\/12\/revisions"}],"predecessor-version":[{"id":239,"href":"https:\/\/www.fedexsol.be\/fr\/wp-json\/wp\/v2\/pages\/12\/revisions\/239"}],"wp:featuredmedia":[{"embeddable":true,"href":"https:\/\/www.fedexsol.be\/fr\/wp-json\/wp\/v2\/media\/258"}],"wp:attachment":[{"href":"https:\/\/www.fedexsol.be\/fr\/wp-json\/wp\/v2\/media?parent=12"}],"curies":[{"name":"wp","href":"https:\/\/api.w.org\/{rel}","templated":true}]}}